{"id":17710,"date":"2021-08-31T15:14:10","date_gmt":"2021-08-31T15:14:10","guid":{"rendered":"https:\/\/retreatsiceland.com\/memberships-copy-copy\/"},"modified":"2023-04-24T16:07:42","modified_gmt":"2023-04-24T16:07:42","slug":"about-us","status":"publish","type":"page","link":"https:\/\/retreatsiceland.com\/is\/about-us\/","title":{"rendered":"Um okkur"},"content":{"rendered":"<div data-elementor-type=\"wp-page\" data-elementor-id=\"17710\" class=\"elementor elementor-17710\">\n\t\t\t\t<div class=\"elementor-element elementor-element-bd3c7d8 e-flex e-con-boxed sc_layouts_column_icons_position_left e-con e-parent\" data-id=\"bd3c7d8\" data-element_type=\"container\" data-e-type=\"container\" data-settings=\"{&quot;background_background&quot;:&quot;classic&quot;}\">\n\t\t\t\t\t<div class=\"e-con-inner\">\n\t\t\t\t<div class=\"elementor-element elementor-element-a22f587 sc_height_huge sc_fly_static elementor-widget elementor-widget-spacer\" data-id=\"a22f587\" data-element_type=\"widget\" data-e-type=\"widget\" data-widget_type=\"spacer.default\">\n\t\t\t\t<div class=\"elementor-widget-container\">\n\t\t\t\t\t\t\t<div class=\"elementor-spacer\">\n\t\t\t<div class=\"elementor-spacer-inner\"><\/div>\n\t\t<\/div>\n\t\t\t\t\t\t<\/div>\n\t\t\t\t<\/div>\n\t\t\t\t\t<\/div>\n\t\t\t\t<\/div>\n\t\t\t\t<section class=\"elementor-section elementor-top-section elementor-element elementor-element-b6d2046 scheme_light elementor-section-boxed elementor-section-height-default elementor-section-height-default sc_fly_static\" data-id=\"b6d2046\" data-element_type=\"section\" data-e-type=\"section\" data-settings=\"{&quot;background_background&quot;:&quot;classic&quot;}\">\n\t\t\t\t\t\t<div class=\"elementor-container elementor-column-gap-extended\">\n\t\t\t\t\t<div class=\"elementor-column elementor-col-50 elementor-top-column elementor-element elementor-element-f8c42fb sc_content_align_inherit sc_layouts_column_icons_position_left sc_fly_static\" data-id=\"f8c42fb\" data-element_type=\"column\" data-e-type=\"column\">\n\t\t\t<div class=\"elementor-widget-wrap elementor-element-populated\">\n\t\t\t\t\t\t<div class=\"elementor-element elementor-element-16772eb sc_fly_static elementor-widget elementor-widget-trx_sc_title\" data-id=\"16772eb\" data-element_type=\"widget\" data-e-type=\"widget\" data-widget_type=\"trx_sc_title.default\">\n\t\t\t\t<div class=\"elementor-widget-container\">\n\t\t\t\t\t<div\t\tclass=\"sc_title sc_title_default\" ><span class=\"sc_item_subtitle sc_title_subtitle sc_item_subtitle_above sc_item_title_style_default\">Our passion<\/span><h2 class=\"sc_item_title sc_title_title sc_item_title_style_default sc_item_title_tag\"\n\t\t\t><span class=\"sc_item_title_text\">We are passionate about your healing<\/span><\/h2><\/div>\t\t\t\t<\/div>\n\t\t\t\t<\/div>\n\t\t\t\t<div class=\"elementor-element elementor-element-098c5b4 sc_height_huge sc_fly_static elementor-widget elementor-widget-spacer\" data-id=\"098c5b4\" data-element_type=\"widget\" data-e-type=\"widget\" data-widget_type=\"spacer.default\">\n\t\t\t\t<div class=\"elementor-widget-container\">\n\t\t\t\t\t\t\t<div class=\"elementor-spacer\">\n\t\t\t<div class=\"elementor-spacer-inner\"><\/div>\n\t\t<\/div>\n\t\t\t\t\t\t<\/div>\n\t\t\t\t<\/div>\n\t\t\t\t<div class=\"elementor-element elementor-element-6fef630 sc_fly_static elementor-widget elementor-widget-spacer\" data-id=\"6fef630\" data-element_type=\"widget\" data-e-type=\"widget\" data-widget_type=\"spacer.default\">\n\t\t\t\t<div class=\"elementor-widget-container\">\n\t\t\t\t\t\t\t<div class=\"elementor-spacer\">\n\t\t\t<div class=\"elementor-spacer-inner\"><\/div>\n\t\t<\/div>\n\t\t\t\t\t\t<\/div>\n\t\t\t\t<\/div>\n\t\t\t\t<div class=\"elementor-element elementor-element-c8d6336 no-title sc_fly_static elementor-widget elementor-widget-image\" data-id=\"c8d6336\" data-element_type=\"widget\" data-e-type=\"widget\" data-widget_type=\"image.default\">\n\t\t\t\t<div class=\"elementor-widget-container\">\n\t\t\t\t\t\t\t\t\t\t\t\t\t\t\t<img decoding=\"async\" src=\"https:\/\/retreatsiceland.com\/wp-content\/uploads\/elementor\/thumbs\/dreamstime_xxl_150040820-scaled-qoxzhgd4a781mejpwljtvpnsmpw2qbt1fdff9bhcyo.jpg\" title=\"dreamstime_xxl_150040820\" alt=\"dreamstime_xxl_150040820\" loading=\"lazy\" \/>\t\t\t\t\t\t\t\t\t\t\t\t\t\t\t<\/div>\n\t\t\t\t<\/div>\n\t\t\t\t\t<\/div>\n\t\t<\/div>\n\t\t\t\t<div class=\"elementor-column elementor-col-50 elementor-top-column elementor-element elementor-element-09e4e15 sc_content_align_inherit sc_layouts_column_icons_position_left sc_fly_static\" data-id=\"09e4e15\" data-element_type=\"column\" data-e-type=\"column\">\n\t\t\t<div class=\"elementor-widget-wrap elementor-element-populated\">\n\t\t\t\t\t\t<div class=\"elementor-element elementor-element-4c08a71 no-title sc_fly_static elementor-widget elementor-widget-image\" data-id=\"4c08a71\" data-element_type=\"widget\" data-e-type=\"widget\" data-widget_type=\"image.default\">\n\t\t\t\t<div class=\"elementor-widget-container\">\n\t\t\t\t\t\t\t\t\t\t\t\t\t\t\t<img fetchpriority=\"high\" decoding=\"async\" width=\"2560\" height=\"1707\" src=\"https:\/\/retreatsiceland.com\/wp-content\/uploads\/2023\/04\/dreamstime_xxl_62012975-scaled.jpg\" class=\"attachment-full size-full wp-image-20362\" alt=\"\" srcset=\"https:\/\/retreatsiceland.com\/wp-content\/uploads\/2023\/04\/dreamstime_xxl_62012975-scaled.jpg 2560w, https:\/\/retreatsiceland.com\/wp-content\/uploads\/2023\/04\/dreamstime_xxl_62012975-300x200.jpg 300w, https:\/\/retreatsiceland.com\/wp-content\/uploads\/2023\/04\/dreamstime_xxl_62012975-1024x683.jpg 1024w, https:\/\/retreatsiceland.com\/wp-content\/uploads\/2023\/04\/dreamstime_xxl_62012975-768x512.jpg 768w, https:\/\/retreatsiceland.com\/wp-content\/uploads\/2023\/04\/dreamstime_xxl_62012975-1536x1024.jpg 1536w, https:\/\/retreatsiceland.com\/wp-content\/uploads\/2023\/04\/dreamstime_xxl_62012975-2048x1365.jpg 2048w, https:\/\/retreatsiceland.com\/wp-content\/uploads\/2023\/04\/dreamstime_xxl_62012975-370x247.jpg 370w, https:\/\/retreatsiceland.com\/wp-content\/uploads\/2023\/04\/dreamstime_xxl_62012975-840x560.jpg 840w, https:\/\/retreatsiceland.com\/wp-content\/uploads\/2023\/04\/dreamstime_xxl_62012975-410x273.jpg 410w, https:\/\/retreatsiceland.com\/wp-content\/uploads\/2023\/04\/dreamstime_xxl_62012975-1320x880.jpg 1320w, https:\/\/retreatsiceland.com\/wp-content\/uploads\/2023\/04\/dreamstime_xxl_62012975-600x400.jpg 600w\" sizes=\"(max-width: 2560px) 100vw, 2560px\" \/>\t\t\t\t\t\t\t\t\t\t\t\t\t\t\t<\/div>\n\t\t\t\t<\/div>\n\t\t\t\t<section class=\"elementor-section elementor-inner-section elementor-element elementor-element-ac6a2fd elementor-section-boxed elementor-section-height-default elementor-section-height-default sc_fly_static\" data-id=\"ac6a2fd\" data-element_type=\"section\" data-e-type=\"section\">\n\t\t\t\t\t\t<div class=\"elementor-container elementor-column-gap-no\">\n\t\t\t\t\t<div class=\"elementor-column elementor-col-100 elementor-inner-column elementor-element elementor-element-70d6d72 sc_content_align_inherit sc_layouts_column_icons_position_left sc_fly_static\" data-id=\"70d6d72\" data-element_type=\"column\" data-e-type=\"column\">\n\t\t\t<div class=\"elementor-widget-wrap elementor-element-populated\">\n\t\t\t\t\t\t<div class=\"elementor-element elementor-element-b42104d sc_fly_static elementor-widget elementor-widget-spacer\" data-id=\"b42104d\" data-element_type=\"widget\" data-e-type=\"widget\" data-widget_type=\"spacer.default\">\n\t\t\t\t<div class=\"elementor-widget-container\">\n\t\t\t\t\t\t\t<div class=\"elementor-spacer\">\n\t\t\t<div class=\"elementor-spacer-inner\"><\/div>\n\t\t<\/div>\n\t\t\t\t\t\t<\/div>\n\t\t\t\t<\/div>\n\t\t\t\t<div class=\"elementor-element elementor-element-4373450 sc_fly_static elementor-widget elementor-widget-text-editor\" data-id=\"4373450\" data-element_type=\"widget\" data-e-type=\"widget\" data-widget_type=\"text-editor.default\">\n\t\t\t\t<div class=\"elementor-widget-container\">\n\t\t\t\t\t\t\t\t\t<p>Armonia Iceland means to live in peace and harmony with other people and <a href=\"https:\/\/bookretreats.com\/s\/other-retreats\/nature-retreats\" target=\"_blank\" rel=\"noopener\">with nature<\/a>. Our work, our weekend retreat, healing services, music and products are all derived directly from the powerful Icelandic nature.\u00a0<\/p>\t\t\t\t\t\t\t\t<\/div>\n\t\t\t\t<\/div>\n\t\t\t\t<div class=\"elementor-element elementor-element-0e6b6df sc_fly_static elementor-widget elementor-widget-spacer\" data-id=\"0e6b6df\" data-element_type=\"widget\" data-e-type=\"widget\" data-widget_type=\"spacer.default\">\n\t\t\t\t<div class=\"elementor-widget-container\">\n\t\t\t\t\t\t\t<div class=\"elementor-spacer\">\n\t\t\t<div class=\"elementor-spacer-inner\"><\/div>\n\t\t<\/div>\n\t\t\t\t\t\t<\/div>\n\t\t\t\t<\/div>\n\t\t\t\t<div class=\"elementor-element elementor-element-1e9332f sc_layouts_hide_on_tablet sc_layouts_hide_on_mobile sc_fly_static elementor-widget elementor-widget-spacer\" data-id=\"1e9332f\" data-element_type=\"widget\" data-e-type=\"widget\" data-widget_type=\"spacer.default\">\n\t\t\t\t<div class=\"elementor-widget-container\">\n\t\t\t\t\t\t\t<div class=\"elementor-spacer\">\n\t\t\t<div class=\"elementor-spacer-inner\"><\/div>\n\t\t<\/div>\n\t\t\t\t\t\t<\/div>\n\t\t\t\t<\/div>\n\t\t\t\t\t<\/div>\n\t\t<\/div>\n\t\t\t\t\t<\/div>\n\t\t<\/section>\n\t\t\t\t\t<\/div>\n\t\t<\/div>\n\t\t\t\t\t<\/div>\n\t\t<\/section>\n\t\t\t\t<section class=\"elementor-section elementor-top-section elementor-element elementor-element-d5f19fb scheme_light elementor-section-boxed elementor-section-height-default elementor-section-height-default sc_fly_static\" data-id=\"d5f19fb\" data-element_type=\"section\" data-e-type=\"section\" data-settings=\"{&quot;background_background&quot;:&quot;classic&quot;}\">\n\t\t\t\t\t\t<div class=\"elementor-container elementor-column-gap-extended\">\n\t\t\t\t\t<div class=\"elementor-column elementor-col-100 elementor-top-column elementor-element elementor-element-27ffc98 sc_content_align_inherit sc_layouts_column_icons_position_left sc_fly_static\" data-id=\"27ffc98\" data-element_type=\"column\" data-e-type=\"column\">\n\t\t\t<div class=\"elementor-widget-wrap elementor-element-populated\">\n\t\t\t\t\t\t<div class=\"elementor-element elementor-element-204efda sc_height_medium sc_fly_static elementor-widget elementor-widget-spacer\" data-id=\"204efda\" data-element_type=\"widget\" data-e-type=\"widget\" data-widget_type=\"spacer.default\">\n\t\t\t\t<div class=\"elementor-widget-container\">\n\t\t\t\t\t\t\t<div class=\"elementor-spacer\">\n\t\t\t<div class=\"elementor-spacer-inner\"><\/div>\n\t\t<\/div>\n\t\t\t\t\t\t<\/div>\n\t\t\t\t<\/div>\n\t\t\t\t\t<\/div>\n\t\t<\/div>\n\t\t\t\t\t<\/div>\n\t\t<\/section>\n\t\t<div class=\"elementor-element elementor-element-052b3ee e-flex e-con-boxed sc_layouts_column_icons_position_left e-con e-parent\" data-id=\"052b3ee\" data-element_type=\"container\" data-e-type=\"container\">\n\t\t\t\t\t<div class=\"e-con-inner\">\n\t\t\t\t<div class=\"elementor-element elementor-element-67f7765 sc_height_medium sc_fly_static elementor-widget elementor-widget-spacer\" data-id=\"67f7765\" data-element_type=\"widget\" data-e-type=\"widget\" data-widget_type=\"spacer.default\">\n\t\t\t\t<div class=\"elementor-widget-container\">\n\t\t\t\t\t\t\t<div class=\"elementor-spacer\">\n\t\t\t<div class=\"elementor-spacer-inner\"><\/div>\n\t\t<\/div>\n\t\t\t\t\t\t<\/div>\n\t\t\t\t<\/div>\n\t\t\t\t<div class=\"elementor-element elementor-element-fda62e0 sc_fly_static elementor-widget elementor-widget-heading\" data-id=\"fda62e0\" data-element_type=\"widget\" data-e-type=\"widget\" data-widget_type=\"heading.default\">\n\t\t\t\t<div class=\"elementor-widget-container\">\n\t\t\t\t\t<h2 class=\"elementor-heading-title elementor-size-default\">Hver erum vi\u00f0?<\/h2>\t\t\t\t<\/div>\n\t\t\t\t<\/div>\n\t\t\t\t<div class=\"elementor-element elementor-element-4e0fea6 sc_height_medium sc_fly_static elementor-widget elementor-widget-spacer\" data-id=\"4e0fea6\" data-element_type=\"widget\" data-e-type=\"widget\" data-widget_type=\"spacer.default\">\n\t\t\t\t<div class=\"elementor-widget-container\">\n\t\t\t\t\t\t\t<div class=\"elementor-spacer\">\n\t\t\t<div class=\"elementor-spacer-inner\"><\/div>\n\t\t<\/div>\n\t\t\t\t\t\t<\/div>\n\t\t\t\t<\/div>\n\t\t\t\t<div class=\"elementor-element elementor-element-26bb569 sc_fly_static elementor-widget elementor-widget-trx_sc_team\" data-id=\"26bb569\" data-element_type=\"widget\" data-e-type=\"widget\" data-widget_type=\"trx_sc_team.default\">\n\t\t\t\t<div class=\"elementor-widget-container\">\n\t\t\t\t\t<div \t\tclass=\"sc_team sc_team_default\"><div class=\"sc_team_columns_wrap sc_item_columns sc_item_posts_container trx_addons_columns_wrap columns_padding_bottom columns_in_single_row\"><div class=\"trx_addons_column-1_3\"><div data-post-id=\"1158\" class=\"sc_team_item sc_item_container post_container no_links post-1158 cpt_team type-cpt_team status-publish has-post-thumbnail hentry cpt_team_group-instructors cpt_team_group-mentors\">\n\t<div class=\"post_featured with_thumb hover_link sc_team_item_thumb\"><img decoding=\"async\" width=\"570\" height=\"696\" src=\"https:\/\/retreatsiceland.com\/wp-content\/uploads\/2020\/04\/gudny1-570x696.jpg\" class=\"attachment-chakra-thumb-rectangle size-chakra-thumb-rectangle wp-post-image\" alt=\"\" \/>\t\t\t\t\t\t<div class=\"mask\"><\/div>\n\t\t\t\t\t\t\t\t\t<a href=\"https:\/\/retreatsiceland.com\/is\/team\/gudny\/\" aria-hidden=\"true\" class=\"link\"><\/a>\n\t\t\t<\/div>\t<div class=\"sc_team_item_info\">\n\t\t<div class=\"sc_team_item_header\">\n\t\t\t<h4 class=\"sc_team_item_title entry-title\"><a href=\"https:\/\/retreatsiceland.com\/is\/team\/gudny\/\">Gu\u00f0n\u00fd L\u00e1ra<\/a><\/h4>\n\t\t\t<div class=\"sc_team_item_subtitle\">Musician, Chinese medicine, sound & energy healer<\/div>\t\t<\/div>\n\t\t<div class=\"sc_team_item_content\"><p>Gu\u00f0n\u00fd is a long-term musician and a music teacher, a jewelry artist, and a painter and is currently studying Chinese medicine.<\/p>\n<\/div><div class=\"sc_team_item_socials socials_wrap\"><a href=\"https:\/\/www.facebook.com\/Armoniaiceland\" class=\"social_item social_item_style_icons sc_icon_type_icons social_item_type_icons\" target=\"_blank\" rel=\"noopener\"><span class=\"social_icon social_icon_facebook-1\" style=\"\"><span class=\"screen-reader-text\">facebook-1<\/span><span class=\"icon-facebook-1\"><\/span><\/span><\/a><a href=\"https:\/\/www.instagram.com\/armoniaiceland\" class=\"social_item social_item_style_icons sc_icon_type_icons social_item_type_icons\" target=\"_blank\" rel=\"noopener\"><span class=\"social_icon social_icon_instagram\" style=\"\"><span class=\"screen-reader-text\">instagram<\/span><span class=\"icon-instagram\"><\/span><\/span><\/a><\/div><div class=\"sc_team_item_button\"><a href=\"https:\/\/retreatsiceland.com\/is\/team\/gudny\/\" class=\"sc_button sc_button_simple\">Read more<\/a><\/div><\/div>\n<\/div><\/div><div class=\"trx_addons_column-1_3\"><div data-post-id=\"1164\" class=\"sc_team_item sc_item_container post_container no_links post-1164 cpt_team type-cpt_team status-publish has-post-thumbnail hentry cpt_team_group-instructors cpt_team_group-mentors\">\n\t<div class=\"post_featured with_thumb hover_link sc_team_item_thumb\"><img decoding=\"async\" width=\"570\" height=\"696\" src=\"https:\/\/retreatsiceland.com\/wp-content\/uploads\/2020\/04\/sov-864x1024-1-570x696.jpg\" class=\"attachment-chakra-thumb-rectangle size-chakra-thumb-rectangle wp-post-image\" alt=\"\" \/>\t\t\t\t\t\t<div class=\"mask\"><\/div>\n\t\t\t\t\t\t\t\t\t<a href=\"https:\/\/retreatsiceland.com\/is\/team\/stefan\/\" aria-hidden=\"true\" class=\"link\"><\/a>\n\t\t\t<\/div>\t<div class=\"sc_team_item_info\">\n\t\t<div class=\"sc_team_item_header\">\n\t\t\t<h4 class=\"sc_team_item_title entry-title\"><a href=\"https:\/\/retreatsiceland.com\/is\/team\/stefan\/\">Stef\u00e1n \u00d6rn<\/a><\/h4>\n\t\t\t<div class=\"sc_team_item_subtitle\">Musician & energy sound healer<\/div>\t\t<\/div>\n\t\t<div class=\"sc_team_item_content\"><p>Stef\u00e1n is a long-term musician and a recording artist with years of experience working with sound and frequencies. <\/p>\n<\/div><div class=\"sc_team_item_socials socials_wrap\"><a href=\"https:\/\/www.facebook.com\/Armoniaiceland\" class=\"social_item social_item_style_icons sc_icon_type_icons social_item_type_icons\" target=\"_blank\" rel=\"noopener\"><span class=\"social_icon social_icon_facebook-1\" style=\"\"><span class=\"screen-reader-text\">facebook-1<\/span><span class=\"icon-facebook-1\"><\/span><\/span><\/a><a href=\"https:\/\/www.instagram.com\/armoniaiceland\" class=\"social_item social_item_style_icons sc_icon_type_icons social_item_type_icons\" target=\"_blank\" rel=\"noopener\"><span class=\"social_icon social_icon_instagram\" style=\"\"><span class=\"screen-reader-text\">instagram<\/span><span class=\"icon-instagram\"><\/span><\/span><\/a><\/div><div class=\"sc_team_item_button\"><a href=\"https:\/\/retreatsiceland.com\/is\/team\/stefan\/\" class=\"sc_button sc_button_simple\">Read more<\/a><\/div><\/div>\n<\/div><\/div><div class=\"trx_addons_column-1_3\"><div data-post-id=\"20163\" class=\"sc_team_item sc_item_container post_container no_links post-20163 cpt_team type-cpt_team status-publish has-post-thumbnail hentry cpt_team_group-assistant\">\n\t<div class=\"post_featured with_thumb hover_link sc_team_item_thumb\"><img loading=\"lazy\" decoding=\"async\" width=\"570\" height=\"696\" src=\"https:\/\/retreatsiceland.com\/wp-content\/uploads\/2023\/04\/Alex-570x696.jpg\" class=\"attachment-chakra-thumb-rectangle size-chakra-thumb-rectangle wp-post-image\" alt=\"\" \/>\t\t\t\t\t\t<div class=\"mask\"><\/div>\n\t\t\t\t\t\t\t\t\t<a href=\"https:\/\/retreatsiceland.com\/is\/team\/alex\/\" aria-hidden=\"true\" class=\"link\"><\/a>\n\t\t\t<\/div>\t<div class=\"sc_team_item_info\">\n\t\t<div class=\"sc_team_item_header\">\n\t\t\t<h4 class=\"sc_team_item_title entry-title\"><a href=\"https:\/\/retreatsiceland.com\/is\/team\/alex\/\">Alex Ernir<\/a><\/h4>\n\t\t\t<div class=\"sc_team_item_subtitle\">Musician & art student<\/div>\t\t<\/div>\n\t\t<div class=\"sc_team_item_content\"><p>Musician &#038; art student<\/p>\n<\/div><div class=\"sc_team_item_button\"><a href=\"https:\/\/retreatsiceland.com\/is\/team\/alex\/\" class=\"sc_button sc_button_simple\">Read more<\/a><\/div><\/div>\n<\/div><\/div><\/div><\/div>\t\t\t\t<\/div>\n\t\t\t\t<\/div>\n\t\t\t\t\t<\/div>\n\t\t\t\t<\/div>\n\t\t<div class=\"elementor-element elementor-element-bd607c9 e-flex e-con-boxed sc_layouts_column_icons_position_left e-con e-parent\" data-id=\"bd607c9\" data-element_type=\"container\" data-e-type=\"container\">\n\t\t\t\t\t<div class=\"e-con-inner\">\n\t\t\t\t<div class=\"elementor-element elementor-element-6dd423f sc_fly_static elementor-widget elementor-widget-text-editor\" data-id=\"6dd423f\" data-element_type=\"widget\" data-e-type=\"widget\" data-widget_type=\"text-editor.default\">\n\t\t\t\t<div class=\"elementor-widget-container\">\n\t\t\t\t\t\t\t\t\t<p style=\"text-align: center;\">Find us on<br \/><a href=\"https:\/\/bookretreats.com\/retreat\/preview\/3-day-deep-healing-journey-relaxing-spiritual-retreat-iceland\" target=\"_blank\" rel=\"noopener\"><img loading=\"lazy\" decoding=\"async\" class=\"alignnone wp-image-20519 size-medium\" src=\"https:\/\/retreatsiceland.com\/wp-content\/uploads\/2023\/04\/bookretreats-logo-blue-300x55.png\" alt=\"\" width=\"300\" height=\"55\" srcset=\"https:\/\/retreatsiceland.com\/wp-content\/uploads\/2023\/04\/bookretreats-logo-blue-300x55.png 300w, https:\/\/retreatsiceland.com\/wp-content\/uploads\/2023\/04\/bookretreats-logo-blue-768x141.png 768w, https:\/\/retreatsiceland.com\/wp-content\/uploads\/2023\/04\/bookretreats-logo-blue-370x68.png 370w, https:\/\/retreatsiceland.com\/wp-content\/uploads\/2023\/04\/bookretreats-logo-blue-840x154.png 840w, https:\/\/retreatsiceland.com\/wp-content\/uploads\/2023\/04\/bookretreats-logo-blue-410x75.png 410w, https:\/\/retreatsiceland.com\/wp-content\/uploads\/2023\/04\/bookretreats-logo-blue.png 1000w\" sizes=\"(max-width: 300px) 100vw, 300px\" \/><\/a><\/p>\t\t\t\t\t\t\t\t<\/div>\n\t\t\t\t<\/div>\n\t\t\t\t\t<\/div>\n\t\t\t\t<\/div>\n\t\t\t\t<\/div>","protected":false},"excerpt":{"rendered":"<p>Our passion We are passionate about your healing Armonia Iceland means to live in peace and harmony with other people and with nature. Our work, our weekend retreat, healing services,&hellip;<\/p>","protected":false},"author":1,"featured_media":0,"parent":0,"menu_order":0,"comment_status":"closed","ping_status":"closed","template":"","meta":{"footnotes":""},"class_list":["post-17710","page","type-page","status-publish","hentry"],"_links":{"self":[{"href":"https:\/\/retreatsiceland.com\/is\/wp-json\/wp\/v2\/pages\/17710","targetHints":{"allow":["GET"]}}],"collection":[{"href":"https:\/\/retreatsiceland.com\/is\/wp-json\/wp\/v2\/pages"}],"about":[{"href":"https:\/\/retreatsiceland.com\/is\/wp-json\/wp\/v2\/types\/page"}],"author":[{"embeddable":true,"href":"https:\/\/retreatsiceland.com\/is\/wp-json\/wp\/v2\/users\/1"}],"replies":[{"embeddable":true,"href":"https:\/\/retreatsiceland.com\/is\/wp-json\/wp\/v2\/comments?post=17710"}],"version-history":[{"count":0,"href":"https:\/\/retreatsiceland.com\/is\/wp-json\/wp\/v2\/pages\/17710\/revisions"}],"wp:attachment":[{"href":"https:\/\/retreatsiceland.com\/is\/wp-json\/wp\/v2\/media?parent=17710"}],"curies":[{"name":"wp","href":"https:\/\/api.w.org\/{rel}","templated":true}]}}