{"id":17383,"date":"2021-08-31T10:50:02","date_gmt":"2021-08-31T10:50:02","guid":{"rendered":"https:\/\/retreatsiceland.com\/?page_id=17383"},"modified":"2026-03-22T14:51:34","modified_gmt":"2026-03-22T14:51:34","slug":"all-retreats","status":"publish","type":"page","link":"https:\/\/retreatsiceland.com\/is\/all-retreats\/","title":{"rendered":"All Retreats"},"content":{"rendered":"<div data-elementor-type=\"wp-page\" data-elementor-id=\"17383\" class=\"elementor elementor-17383\">\n\t\t\t\t\t\t<section class=\"elementor-section-with-custom-width elementor-section elementor-top-section elementor-element elementor-element-ca11f90 scheme_default elementor-section-boxed elementor-section-height-default elementor-section-height-default sc_fly_static\" data-id=\"ca11f90\" data-element_type=\"section\" data-e-type=\"section\" data-settings=\"{&quot;background_background&quot;:&quot;classic&quot;}\">\n\t\t\t\t\t\t<div class=\"elementor-container elementor-column-gap-extended\">\n\t\t\t\t\t<div class=\"elementor-column elementor-col-100 elementor-top-column elementor-element elementor-element-78a572b sc_content_align_inherit sc_layouts_column_icons_position_left sc_fly_static\" data-id=\"78a572b\" data-element_type=\"column\" data-e-type=\"column\">\n\t\t\t<div class=\"elementor-widget-wrap elementor-element-populated\">\n\t\t\t\t\t\t<div class=\"elementor-element elementor-element-42642e9 sc_fly_static elementor-widget elementor-widget-heading\" data-id=\"42642e9\" data-element_type=\"widget\" data-e-type=\"widget\" data-widget_type=\"heading.default\">\n\t\t\t\t<div class=\"elementor-widget-container\">\n\t\t\t\t\t<h2 class=\"elementor-heading-title elementor-size-default\">Heilunarhelgar 2026<\/h2>\t\t\t\t<\/div>\n\t\t\t\t<\/div>\n\t\t\t\t<div class=\"elementor-element elementor-element-deebea1 sc_height_medium sc_fly_static elementor-widget elementor-widget-spacer\" data-id=\"deebea1\" data-element_type=\"widget\" data-e-type=\"widget\" data-widget_type=\"spacer.default\">\n\t\t\t\t<div class=\"elementor-widget-container\">\n\t\t\t\t\t\t\t<div class=\"elementor-spacer\">\n\t\t\t<div class=\"elementor-spacer-inner\"><\/div>\n\t\t<\/div>\n\t\t\t\t\t\t<\/div>\n\t\t\t\t<\/div>\n\t\t\t\t<div class=\"elementor-element elementor-element-ce8b724 sc_fly_static elementor-widget elementor-widget-text-editor\" data-id=\"ce8b724\" data-element_type=\"widget\" data-e-type=\"widget\" data-widget_type=\"text-editor.default\">\n\t\t\t\t<div class=\"elementor-widget-container\">\n\t\t\t\t\t\t\t\t\t<p><span style=\"font-size: 17px; color: var(--theme-color-text);\">H\u00e9r finnur\u00f0u allar uppl\u00fdsingar um heilunarhelgarnar okkar.Ef \u00fe\u00fa ert me\u00f0 einhverjar spurningar \u00fe\u00e1 endilega heyr\u00f0u \u00ed okkur! Vi\u00f0 getum svara\u00f0 flestum spurningum var\u00f0andi f\u00e6\u00f0i, ve\u00f0ur, fer\u00f0atilh\u00f6gun e\u00f0a hva\u00f0 anna\u00f0.\u00a0<\/span><\/p><p><span style=\"font-size: 17px; color: var(--theme-color-text);\">Smelltu \u00e1 myndirnar til a\u00f0 <\/span><strong style=\"font-size: 17px; color: var(--theme-color-text);\">f\u00e1 frekari uppl\u00fdsingar <\/strong><span style=\"font-size: 17px; color: var(--theme-color-text);\">og nota\u00f0u formi\u00f0 \u00fear undir.<\/span><\/p>\t\t\t\t\t\t\t\t<\/div>\n\t\t\t\t<\/div>\n\t\t\t\t<div class=\"elementor-element elementor-element-4433730 sc_fly_static elementor-widget elementor-widget-html\" data-id=\"4433730\" data-element_type=\"widget\" data-e-type=\"widget\" data-widget_type=\"html.default\">\n\t\t\t\t<div class=\"elementor-widget-container\">\n\t\t\t\t\t<center><script type=\"text\/javascript\" src=\"https:\/\/widgets.bokun.io\/assets\/javascripts\/apps\/build\/BokunWidgetsLoader.js?bookingChannelUUID=6201c430-12ba-4627-8dac-94929b181326\" async><\/script>\r\n      <style> #bokun_05b93a2d_0e90_4964_947b_ca00b9c1906f { display: inline-block; padding: 10px 20px; background: #7243c6; border-radius: 5px; box-shadow: none; font-weight: 600; font-size: 16px; text-decoration: none; text-align: center; color: #FFFFFF; border:none; cursor: pointer; transition: background .2s ease; } #bokun_05b93a2d_0e90_4964_947b_ca00b9c1906f:hover{ background: #285726; } #bokun_05b93a2d_0e90_4964_947b_ca00b9c1906f:active{ background: #30682e; } <\/style> <button class=\"bokunButton\" disabled id=\"bokun_05b93a2d_0e90_4964_947b_ca00b9c1906f\" data-src=\"https:\/\/widgets.bokun.io\/online-sales\/6201c430-12ba-4627-8dac-94929b181326\/product-list\/105521?partialView=1\" data-testid=\"widget-book-button\" > B\u00f3ka n\u00fana <\/button> <\/center>\t\t\t\t<\/div>\n\t\t\t\t<\/div>\n\t\t\t\t<div class=\"elementor-element elementor-element-f5a97e8 sc_height_medium sc_fly_static elementor-widget elementor-widget-spacer\" data-id=\"f5a97e8\" data-element_type=\"widget\" data-e-type=\"widget\" data-widget_type=\"spacer.default\">\n\t\t\t\t<div class=\"elementor-widget-container\">\n\t\t\t\t\t\t\t<div class=\"elementor-spacer\">\n\t\t\t<div class=\"elementor-spacer-inner\"><\/div>\n\t\t<\/div>\n\t\t\t\t\t\t<\/div>\n\t\t\t\t<\/div>\n\t\t\t\t<div class=\"elementor-element elementor-element-93ae1c3 sc_fly_static elementor-widget elementor-widget-trx_sc_services\" data-id=\"93ae1c3\" data-element_type=\"widget\" data-e-type=\"widget\" data-widget_type=\"trx_sc_services.default\">\n\t\t\t\t<div class=\"elementor-widget-container\">\n\t\t\t\t\t<div class=\"sc_services sc_services_default sc_services_featured_top\"><div class=\"sc_services_columns_wrap sc_item_columns sc_item_posts_container sc_item_columns_4 trx_addons_columns_wrap columns_padding_bottom columns_in_single_row\"><div class=\"trx_addons_column-1_4 trx_addons_column-1_2-tablet\"><div data-post-id=\"17379\" class=\"sc_services_item sc_item_container post_container with_content with_image sc_services_item_featured_top post-17379 cpt_services type-cpt_services status-publish has-post-thumbnail hentry cpt_services_group-retreat\" data-item-number=\"1\"\n>\n\t<div class=\"post_featured with_thumb hover_link sc_services_item_thumb\"><img fetchpriority=\"high\" decoding=\"async\" width=\"890\" height=\"664\" src=\"https:\/\/retreatsiceland.com\/wp-content\/uploads\/2026\/02\/dreamstime_xxl_188520260-890x664.webp\" class=\"attachment-chakra-thumb-square size-chakra-thumb-square wp-post-image\" alt=\"\" \/>\t\t\t\t\t\t<div class=\"mask\"><\/div>\n\t\t\t\t\t\t<a class=\"post_link sc_services_item_link\" href=\"https:\/\/retreatsiceland.com\/is\/services\/retreats-solar\/\"><\/a>\t\t\t<a href=\"https:\/\/retreatsiceland.com\/is\/services\/retreats-solar\/\"  aria-hidden=\"true\" class=\"link\"><\/a>\n\t\t\t<\/div>\t\n\t<div class=\"sc_services_item_info\">\n\t\t\t\t<div class=\"sc_services_item_header\">\n\t\t\t\t\t\t<h4 class=\"sc_services_item_title entry-title\"><a href=\"https:\/\/retreatsiceland.com\/is\/services\/retreats-solar\/\">5 daga umbreytandi S\u00d3LMYRKVA retreat - 8. \u00e1g\u00fast<\/a><\/h4>\n\t\t\t\t\t<\/div>\n\t\t                    <div class=\"sc_services_item_content\"><p>vertu me\u00f0 okkur \u00ed nokkra daga af heilun \u00fear sem vi\u00f0 bl\u00f6ndum saman krafti t\u00f3nlistar, n\u00e1tt\u00faru og andlegri heilsu \u00e1samt dj\u00fapri sl\u00f6kun og jafnv\u00e6gi \u00ed l\u00edkama og s\u00e1l.\u00a0<\/p>\n<\/div><div class=\"sc_services_item_button sc_item_button\">\n            <a href=\"https:\/\/retreatsiceland.com\/is\/services\/retreats-solar\/\" class=\"sc_services_item_more_link\">\n                <span class=\"link_text\">Meira<\/span><span class=\"link_icon\"><\/span>\n            <\/a>\n            <\/div><\/div>\n<\/div>\n<\/div><div class=\"trx_addons_column-1_4 trx_addons_column-1_2-tablet\"><div data-post-id=\"21220\" class=\"sc_services_item sc_item_container post_container with_content with_image sc_services_item_featured_top post-21220 cpt_services type-cpt_services status-publish has-post-thumbnail hentry cpt_services_group-retreat\" data-item-number=\"2\"\n>\n\t<div class=\"post_featured with_thumb hover_link sc_services_item_thumb\"><img decoding=\"async\" width=\"890\" height=\"636\" src=\"https:\/\/retreatsiceland.com\/wp-content\/uploads\/2026\/02\/retreat2-890x636.webp\" class=\"attachment-chakra-thumb-square size-chakra-thumb-square wp-post-image\" alt=\"\" \/>\t\t\t\t\t\t<div class=\"mask\"><\/div>\n\t\t\t\t\t\t<a class=\"post_link sc_services_item_link\" href=\"https:\/\/retreatsiceland.com\/is\/services\/full-day-wellness-experience\/\"><\/a>\t\t\t<a href=\"https:\/\/retreatsiceland.com\/is\/services\/full-day-wellness-experience\/\"  aria-hidden=\"true\" class=\"link\"><\/a>\n\t\t\t<\/div>\t\n\t<div class=\"sc_services_item_info\">\n\t\t\t\t<div class=\"sc_services_item_header\">\n\t\t\t\t\t\t<h4 class=\"sc_services_item_title entry-title\"><a href=\"https:\/\/retreatsiceland.com\/is\/services\/full-day-wellness-experience\/\">Dagsfer\u00f0 og sl\u00f6kun<\/a><\/h4>\n\t\t\t\t\t<\/div>\n\t\t                    <div class=\"sc_services_item_content\"><p>vertu me\u00f0 okkur \u00ed nokkra daga af heilun \u00fear sem vi\u00f0 bl\u00f6ndum saman krafti t\u00f3nlistar, n\u00e1tt\u00faru og andlegri heilsu \u00e1samt dj\u00fapri sl\u00f6kun og jafnv\u00e6gi \u00ed l\u00edkama og s\u00e1l.<\/p>\n<\/div><div class=\"sc_services_item_button sc_item_button\">\n            <a href=\"https:\/\/retreatsiceland.com\/is\/services\/full-day-wellness-experience\/\" class=\"sc_services_item_more_link\">\n                <span class=\"link_text\">Meira<\/span><span class=\"link_icon\"><\/span>\n            <\/a>\n            <\/div><\/div>\n<\/div>\n<\/div><div class=\"trx_addons_column-1_4 trx_addons_column-1_2-tablet\"><div data-post-id=\"20943\" class=\"sc_services_item sc_item_container post_container with_content with_image sc_services_item_featured_top post-20943 cpt_services type-cpt_services status-publish has-post-thumbnail hentry cpt_services_group-retreat\" data-item-number=\"3\"\n>\n\t<div class=\"post_featured with_thumb hover_link sc_services_item_thumb\"><img decoding=\"async\" width=\"890\" height=\"664\" src=\"https:\/\/retreatsiceland.com\/wp-content\/uploads\/2024\/03\/yoga-7104292-copy-890x664.jpg\" class=\"attachment-chakra-thumb-square size-chakra-thumb-square wp-post-image\" alt=\"Deep healing retreat iceland yoga wellness relax\" \/>\t\t\t\t\t\t<div class=\"mask\"><\/div>\n\t\t\t\t\t\t<a class=\"post_link sc_services_item_link\" href=\"https:\/\/retreatsiceland.com\/is\/services\/retreats-3-day\/\"><\/a>\t\t\t<a href=\"https:\/\/retreatsiceland.com\/is\/services\/retreats-3-day\/\"  aria-hidden=\"true\" class=\"link\"><\/a>\n\t\t\t<\/div>\t\n\t<div class=\"sc_services_item_info\">\n\t\t\t\t<div class=\"sc_services_item_header\">\n\t\t\t\t\t\t<h4 class=\"sc_services_item_title entry-title\"><a href=\"https:\/\/retreatsiceland.com\/is\/services\/retreats-3-day\/\">3 Daga vell\u00ed\u00f0unar &amp; heilunarhelgar 2026<\/a><\/h4>\n\t\t\t\t\t<\/div>\n\t\t                    <div class=\"sc_services_item_content\"><p>vertu me\u00f0 okkur \u00ed nokkra daga af heilun \u00fear sem vi\u00f0 bl\u00f6ndum saman krafti t\u00f3nlistar, n\u00e1tt\u00faru og andlegri heilsu \u00e1samt dj\u00fapri sl\u00f6kun og jafnv\u00e6gi \u00ed l\u00edkama og s\u00e1l.\u00a0<\/p>\n<\/div><div class=\"sc_services_item_button sc_item_button\">\n            <a href=\"https:\/\/retreatsiceland.com\/is\/services\/retreats-3-day\/\" class=\"sc_services_item_more_link\">\n                <span class=\"link_text\">Meira<\/span><span class=\"link_icon\"><\/span>\n            <\/a>\n            <\/div><\/div>\n<\/div>\n<\/div><div class=\"trx_addons_column-1_4 trx_addons_column-1_2-tablet\"><div data-post-id=\"20738\" class=\"sc_services_item sc_item_container post_container with_content with_image sc_services_item_featured_top post-20738 cpt_services type-cpt_services status-publish has-post-thumbnail hentry cpt_services_group-retreat\" data-item-number=\"4\"\n>\n\t<div class=\"post_featured with_thumb hover_link sc_services_item_thumb\"><img loading=\"lazy\" decoding=\"async\" width=\"890\" height=\"664\" src=\"https:\/\/retreatsiceland.com\/wp-content\/uploads\/2024\/01\/dreamstime_xxl_68332172-890x664.webp\" class=\"attachment-chakra-thumb-square size-chakra-thumb-square wp-post-image\" alt=\"\" \/>\t\t\t\t\t\t<div class=\"mask\"><\/div>\n\t\t\t\t\t\t<a class=\"post_link sc_services_item_link\" href=\"https:\/\/retreatsiceland.com\/is\/services\/retreats-3-2\/\"><\/a>\t\t\t<a href=\"https:\/\/retreatsiceland.com\/is\/services\/retreats-3-2\/\"  aria-hidden=\"true\" class=\"link\"><\/a>\n\t\t\t<\/div>\t\n\t<div class=\"sc_services_item_info\">\n\t\t\t\t<div class=\"sc_services_item_header\">\n\t\t\t\t\t\t<h4 class=\"sc_services_item_title entry-title\"><a href=\"https:\/\/retreatsiceland.com\/is\/services\/retreats-3-2\/\">3 Daga \"solo\" heilunarhelgar<\/a><\/h4>\n\t\t\t\t\t<\/div>\n\t\t                    <div class=\"sc_services_item_content\"><p>vertu me\u00f0 okkur \u00ed nokkra daga af heilun \u00fear sem vi\u00f0 bl\u00f6ndum saman krafti t\u00f3nlistar, n\u00e1tt\u00faru og andlegri heilsu \u00e1samt dj\u00fapri sl\u00f6kun og jafnv\u00e6gi \u00ed l\u00edkama og s\u00e1l.\u00a0<\/p>\n<\/div><div class=\"sc_services_item_button sc_item_button\">\n            <a href=\"https:\/\/retreatsiceland.com\/is\/services\/retreats-3-2\/\" class=\"sc_services_item_more_link\">\n                <span class=\"link_text\">Meira<\/span><span class=\"link_icon\"><\/span>\n            <\/a>\n            <\/div><\/div>\n<\/div>\n<\/div><\/div><\/div>\t\t\t\t<\/div>\n\t\t\t\t<\/div>\n\t\t\t\t<div class=\"elementor-element elementor-element-8d878dd sc_height_huge sc_fly_static elementor-widget elementor-widget-spacer\" data-id=\"8d878dd\" data-element_type=\"widget\" data-e-type=\"widget\" data-widget_type=\"spacer.default\">\n\t\t\t\t<div class=\"elementor-widget-container\">\n\t\t\t\t\t\t\t<div class=\"elementor-spacer\">\n\t\t\t<div class=\"elementor-spacer-inner\"><\/div>\n\t\t<\/div>\n\t\t\t\t\t\t<\/div>\n\t\t\t\t<\/div>\n\t\t\t\t\t<\/div>\n\t\t<\/div>\n\t\t\t\t\t<\/div>\n\t\t<\/section>\n\t\t<div class=\"elementor-element elementor-element-2d9af26 e-flex e-con-boxed sc_layouts_column_icons_position_left e-con e-parent\" data-id=\"2d9af26\" data-element_type=\"container\" data-e-type=\"container\">\n\t\t\t\t\t<div class=\"e-con-inner\">\n\t\t\t\t<div class=\"elementor-element elementor-element-3ee9076 sc_fly_static elementor-widget elementor-widget-text-editor\" data-id=\"3ee9076\" data-element_type=\"widget\" data-e-type=\"widget\" data-widget_type=\"text-editor.default\">\n\t\t\t\t<div class=\"elementor-widget-container\">\n\t\t\t\t\t\t\t\t\t<p style=\"text-align: center;\">Or you can find us and book your retreat on<br \/><a href=\"https:\/\/bookretreats.com\/retreat\/preview\/3-day-deep-healing-journey-relaxing-spiritual-retreat-iceland\" target=\"_blank\" rel=\"noopener\"><img loading=\"lazy\" decoding=\"async\" class=\"alignnone wp-image-20519 size-medium\" src=\"https:\/\/retreatsiceland.com\/wp-content\/uploads\/2023\/04\/bookretreats-logo-blue-300x55.png\" alt=\"\" width=\"300\" height=\"55\" srcset=\"https:\/\/retreatsiceland.com\/wp-content\/uploads\/2023\/04\/bookretreats-logo-blue-300x55.png 300w, https:\/\/retreatsiceland.com\/wp-content\/uploads\/2023\/04\/bookretreats-logo-blue-768x141.png 768w, https:\/\/retreatsiceland.com\/wp-content\/uploads\/2023\/04\/bookretreats-logo-blue-370x68.png 370w, https:\/\/retreatsiceland.com\/wp-content\/uploads\/2023\/04\/bookretreats-logo-blue-840x154.png 840w, https:\/\/retreatsiceland.com\/wp-content\/uploads\/2023\/04\/bookretreats-logo-blue-410x75.png 410w, https:\/\/retreatsiceland.com\/wp-content\/uploads\/2023\/04\/bookretreats-logo-blue.png 1000w\" sizes=\"(max-width: 300px) 100vw, 300px\" \/><\/a><\/p>\t\t\t\t\t\t\t\t<\/div>\n\t\t\t\t<\/div>\n\t\t\t\t<div class=\"elementor-element elementor-element-83be99e sc_height_medium sc_fly_static elementor-widget elementor-widget-spacer\" data-id=\"83be99e\" data-element_type=\"widget\" data-e-type=\"widget\" data-widget_type=\"spacer.default\">\n\t\t\t\t<div class=\"elementor-widget-container\">\n\t\t\t\t\t\t\t<div class=\"elementor-spacer\">\n\t\t\t<div class=\"elementor-spacer-inner\"><\/div>\n\t\t<\/div>\n\t\t\t\t\t\t<\/div>\n\t\t\t\t<\/div>\n\t\t\t\t\t<\/div>\n\t\t\t\t<\/div>\n\t\t\t\t<\/div>","protected":false},"excerpt":{"rendered":"<p>Retreat in Iceland! Our upcoming retreats in 2026 Here you can find our upcoming deep healing spiritual retreats in Iceland. If you have any questions at all please don&#8217;t hesitate&hellip;<\/p>","protected":false},"author":1,"featured_media":0,"parent":0,"menu_order":0,"comment_status":"closed","ping_status":"closed","template":"","meta":{"footnotes":""},"class_list":["post-17383","page","type-page","status-publish","hentry"],"_links":{"self":[{"href":"https:\/\/retreatsiceland.com\/is\/wp-json\/wp\/v2\/pages\/17383","targetHints":{"allow":["GET"]}}],"collection":[{"href":"https:\/\/retreatsiceland.com\/is\/wp-json\/wp\/v2\/pages"}],"about":[{"href":"https:\/\/retreatsiceland.com\/is\/wp-json\/wp\/v2\/types\/page"}],"author":[{"embeddable":true,"href":"https:\/\/retreatsiceland.com\/is\/wp-json\/wp\/v2\/users\/1"}],"replies":[{"embeddable":true,"href":"https:\/\/retreatsiceland.com\/is\/wp-json\/wp\/v2\/comments?post=17383"}],"version-history":[{"count":17,"href":"https:\/\/retreatsiceland.com\/is\/wp-json\/wp\/v2\/pages\/17383\/revisions"}],"predecessor-version":[{"id":21516,"href":"https:\/\/retreatsiceland.com\/is\/wp-json\/wp\/v2\/pages\/17383\/revisions\/21516"}],"wp:attachment":[{"href":"https:\/\/retreatsiceland.com\/is\/wp-json\/wp\/v2\/media?parent=17383"}],"curies":[{"name":"wp","href":"https:\/\/api.w.org\/{rel}","templated":true}]}}