{"id":17260,"date":"2021-02-16T09:47:01","date_gmt":"2021-02-16T09:47:01","guid":{"rendered":"https:\/\/retreatsiceland.com\/?page_id=17260"},"modified":"2026-03-12T22:19:59","modified_gmt":"2026-03-12T22:19:59","slug":"contact-us","status":"publish","type":"page","link":"https:\/\/retreatsiceland.com\/is\/contact-us\/","title":{"rendered":"Haf\u00f0u samband"},"content":{"rendered":"<div data-elementor-type=\"wp-page\" data-elementor-id=\"17260\" class=\"elementor elementor-17260\">\n\t\t\t\t\t\t<section class=\"elementor-section elementor-top-section elementor-element elementor-element-810ce16 scheme_light elementor-section-boxed elementor-section-height-default elementor-section-height-default sc_fly_static\" data-id=\"810ce16\" data-element_type=\"section\" data-e-type=\"section\" data-settings=\"{&quot;background_background&quot;:&quot;classic&quot;}\">\n\t\t\t\t\t\t<div class=\"elementor-container elementor-column-gap-no\">\n\t\t\t\t\t<div class=\"elementor-column elementor-col-100 elementor-top-column elementor-element elementor-element-6152919 sc_content_align_inherit sc_layouts_column_icons_position_left sc_fly_static\" data-id=\"6152919\" data-element_type=\"column\" data-e-type=\"column\">\n\t\t\t<div class=\"elementor-widget-wrap elementor-element-populated\">\n\t\t\t\t\t\t<div class=\"elementor-element elementor-element-467e8f4 sc_height_huge sc_fly_static elementor-widget elementor-widget-spacer\" data-id=\"467e8f4\" data-element_type=\"widget\" data-e-type=\"widget\" data-widget_type=\"spacer.default\">\n\t\t\t\t<div class=\"elementor-widget-container\">\n\t\t\t\t\t\t\t<div class=\"elementor-spacer\">\n\t\t\t<div class=\"elementor-spacer-inner\"><\/div>\n\t\t<\/div>\n\t\t\t\t\t\t<\/div>\n\t\t\t\t<\/div>\n\t\t\t\t<section class=\"elementor-section elementor-inner-section elementor-element elementor-element-d0e041e elementor-section-boxed elementor-section-height-default elementor-section-height-default sc_fly_static\" data-id=\"d0e041e\" data-element_type=\"section\" data-e-type=\"section\">\n\t\t\t\t\t\t<div class=\"elementor-container elementor-column-gap-no\">\n\t\t\t\t\t<div class=\"elementor-column elementor-col-50 elementor-inner-column elementor-element elementor-element-eb50b8f sc_content_align_inherit sc_layouts_column_icons_position_left sc_fly_static\" data-id=\"eb50b8f\" data-element_type=\"column\" data-e-type=\"column\">\n\t\t\t<div class=\"elementor-widget-wrap elementor-element-populated\">\n\t\t\t\t\t\t<div class=\"elementor-element elementor-element-d73dffd sc_fly_static elementor-widget elementor-widget-trx_sc_title\" data-id=\"d73dffd\" data-element_type=\"widget\" data-e-type=\"widget\" data-widget_type=\"trx_sc_title.default\">\n\t\t\t\t<div class=\"elementor-widget-container\">\n\t\t\t\t\t<div\t\tclass=\"sc_title sc_title_default\" ><span class=\"sc_item_subtitle sc_title_subtitle sc_item_subtitle_above sc_item_title_style_default\">Haf\u00f0u samband<\/span><h1 class=\"sc_item_title sc_title_title sc_item_title_style_default sc_item_title_tag\"\n\t\t\t><span class=\"sc_item_title_text\">Have Questions? <br> Get in touch!<\/span><\/h1><div class=\"sc_item_descr sc_title_descr\"><p>Are you ready to register for the retreat that you will never forget? Inquire about availbility or ask us anything!<\/p>\n<\/div><\/div>\t\t\t\t<\/div>\n\t\t\t\t<\/div>\n\t\t\t\t<div class=\"elementor-element elementor-element-6bf988a sc_fly_static elementor-widget elementor-widget-spacer\" data-id=\"6bf988a\" data-element_type=\"widget\" data-e-type=\"widget\" data-widget_type=\"spacer.default\">\n\t\t\t\t<div class=\"elementor-widget-container\">\n\t\t\t\t\t\t\t<div class=\"elementor-spacer\">\n\t\t\t<div class=\"elementor-spacer-inner\"><\/div>\n\t\t<\/div>\n\t\t\t\t\t\t<\/div>\n\t\t\t\t<\/div>\n\t\t\t\t<div class=\"elementor-element elementor-element-3ace510 sc_fly_static elementor-widget elementor-widget-trx_sc_icons\" data-id=\"3ace510\" data-element_type=\"widget\" data-e-type=\"widget\" data-widget_type=\"trx_sc_icons.default\">\n\t\t\t\t<div class=\"elementor-widget-container\">\n\t\t\t\t\t<div \tclass=\"sc_icons sc_icons_simple sc_icons_size_small sc_align_none\" ><div class=\"sc_icons_item with_more\"><div class=\"sc_icons_icon sc_icon_type_ icon-marker\" ><span class=\"sc_icon_type_ icon-marker\"><\/span><\/div><div class=\"sc_icons_item_details\"><div class=\"sc_icons_item_description\"><span>Armonia Iceland - V\u00f6r\u00f0ufell, Gr\u00edmsnes. 801 Selfoss<\/span><\/div><\/div><\/div><div class=\"sc_icons_item sc_icons_item_linked with_more\"><div class=\"sc_icons_icon sc_icon_type_ icon-iphone\" ><span class=\"sc_icon_type_ icon-iphone\"><\/span><\/div><div class=\"sc_icons_item_details\"><a href=\"tel:3548533339\" class=\"sc_icons_item_more_link\">\n                        <span class=\"link_text\">+354 853 3339<\/span><span class=\"link_icon\"><\/span>\n                        <\/a><a href=\"tel:3548533339\"\n                        class=\"sc_icons_item_link\">\n                        <\/a><\/div><\/div><div class=\"sc_icons_item with_more\"><div class=\"sc_icons_icon sc_icon_type_ icon-envelope-2\" ><span class=\"sc_icon_type_ icon-envelope-2\"><\/span><\/div><div class=\"sc_icons_item_details\"><div class=\"sc_icons_item_description\"><span><a href=\"mailto:info@retreatsiceland.com\">info@retreatsiceland.com<\/a><\/span><\/div><\/div><\/div><\/div><!-- \/.sc_icons -->\t\t\t\t<\/div>\n\t\t\t\t<\/div>\n\t\t\t\t\t<\/div>\n\t\t<\/div>\n\t\t\t\t<div class=\"elementor-column elementor-col-50 elementor-inner-column elementor-element elementor-element-d206df0 sc_content_align_inherit sc_layouts_column_icons_position_left sc_fly_static\" data-id=\"d206df0\" data-element_type=\"column\" data-e-type=\"column\">\n\t\t\t<div class=\"elementor-widget-wrap elementor-element-populated\">\n\t\t\t\t\t\t<div class=\"elementor-element elementor-element-7dc1e12 sc_fly_static elementor-widget elementor-widget-spacer\" data-id=\"7dc1e12\" data-element_type=\"widget\" data-e-type=\"widget\" data-widget_type=\"spacer.default\">\n\t\t\t\t<div class=\"elementor-widget-container\">\n\t\t\t\t\t\t\t<div class=\"elementor-spacer\">\n\t\t\t<div class=\"elementor-spacer-inner\"><\/div>\n\t\t<\/div>\n\t\t\t\t\t\t<\/div>\n\t\t\t\t<\/div>\n\t\t\t\t<div class=\"elementor-element elementor-element-e3e5549 sc_fly_static elementor-widget elementor-widget-trx_sc_contact_form_7\" data-id=\"e3e5549\" data-element_type=\"widget\" data-e-type=\"widget\" data-widget_type=\"trx_sc_contact_form_7.default\">\n\t\t\t\t<div class=\"elementor-widget-container\">\n\t\t\t\t\t\n<div class=\"wpcf7 no-js\" id=\"wpcf7-f1324-o1\" lang=\"en-US\" dir=\"ltr\" data-wpcf7-id=\"1324\">\n<div class=\"screen-reader-response\"><p role=\"status\" aria-live=\"polite\" aria-atomic=\"true\"><\/p> <ul><\/ul><\/div>\n<form action=\"\/is\/wp-json\/wp\/v2\/pages\/17260#wpcf7-f1324-o1\" method=\"post\" class=\"wpcf7-form init\" aria-label=\"Contact form\" novalidate=\"novalidate\" data-status=\"init\" data-trp-original-action=\"\/is\/wp-json\/wp\/v2\/pages\/17260#wpcf7-f1324-o1\">\n<fieldset class=\"hidden-fields-container\"><input type=\"hidden\" name=\"_wpcf7\" value=\"1324\" \/><input type=\"hidden\" name=\"_wpcf7_version\" value=\"6.1.5\" \/><input type=\"hidden\" name=\"_wpcf7_locale\" value=\"en_US\" \/><input type=\"hidden\" name=\"_wpcf7_unit_tag\" value=\"wpcf7-f1324-o1\" \/><input type=\"hidden\" name=\"_wpcf7_container_post\" value=\"0\" \/><input type=\"hidden\" name=\"_wpcf7_posted_data_hash\" value=\"\" \/>\n<\/fieldset>\n<div class=\"wpcf7-turnstile cf-turnstile\" data-sitekey=\"0x4AAAAAACu4ZIXlS18yBj0z\" data-response-field-name=\"_wpcf7_turnstile_response\"><\/div>\n\n<div class=\"form-style-3\">\n\t<div class=\"columns_wrap\">\n\t\t<div class=\"column-1_2\">\n\t\t\t<p><span class=\"style-line icon-name\"><span class=\"wpcf7-form-control-wrap\" data-name=\"your-name\"><input size=\"40\" maxlength=\"400\" class=\"wpcf7-form-control wpcf7-text wpcf7-validates-as-required\" aria-required=\"true\" aria-invalid=\"false\" placeholder=\"Name\" value=\"\" type=\"text\" name=\"your-name\" \/><\/span><\/span>\n\t\t\t<\/p>\n\t\t<\/div>\n\t\t<div class=\"column-1_2\">\n\t\t\t<p><span class=\"style-line icon-email\"><span class=\"wpcf7-form-control-wrap\" data-name=\"your-email\"><input size=\"40\" maxlength=\"400\" class=\"wpcf7-form-control wpcf7-email wpcf7-validates-as-required wpcf7-text wpcf7-validates-as-email\" aria-required=\"true\" aria-invalid=\"false\" placeholder=\"Email Address\" value=\"\" type=\"email\" name=\"your-email\" \/><\/span><\/span>\n\t\t\t<\/p>\n\t\t<\/div>\n\t<\/div>\n\t<div class=\"columns_wrap\">\n\t\t<div class=\"column-1_2\">\n\t\t\t<p><span class=\"style-line icon-phone\"><span class=\"wpcf7-form-control-wrap\" data-name=\"phone\"><input size=\"40\" maxlength=\"400\" class=\"wpcf7-form-control wpcf7-tel wpcf7-validates-as-required wpcf7-text wpcf7-validates-as-tel\" aria-required=\"true\" aria-invalid=\"false\" placeholder=\"Phone\" value=\"\" type=\"tel\" name=\"phone\" \/><\/span><\/span>\n\t\t\t<\/p>\n\t\t<\/div>\n\t\t<div class=\"column-1_2\">\n\t\t\t<p><span class=\"style-line icon-subject\"><span class=\"wpcf7-form-control-wrap\" data-name=\"subject\"><input size=\"40\" maxlength=\"400\" class=\"wpcf7-form-control wpcf7-text wpcf7-validates-as-required\" aria-required=\"true\" aria-invalid=\"false\" placeholder=\"Subject\" value=\"\" type=\"text\" name=\"subject\" \/><\/span><\/span>\n\t\t\t<\/p>\n\t\t<\/div>\n\t<\/div>\n\t<div class=\"columns_wrap margin-bottom\">\n\t\t<div class=\"column-1_1\">\n\t\t\t<p><span class=\"style-line icon-textarea\"><span class=\"wpcf7-form-control-wrap\" data-name=\"your-message\"><textarea cols=\"40\" rows=\"10\" maxlength=\"2000\" class=\"wpcf7-form-control wpcf7-textarea wpcf7-validates-as-required\" aria-required=\"true\" aria-invalid=\"false\" placeholder=\"How can we help you? Feel free to get in touch!\" name=\"your-message\"><\/textarea><\/span><\/span>\n\t\t\t<\/p>\n\t\t<\/div>\n\t<\/div>\n\t<p><input class=\"wpcf7-form-control wpcf7-submit has-spinner\" type=\"submit\" value=\"Get In Touch\" \/><span class=\"wpcf7-form-control-wrap\" data-name=\"acceptance\"><span class=\"wpcf7-form-control wpcf7-acceptance\"><span class=\"wpcf7-list-item\"><label><input type=\"checkbox\" name=\"acceptance\" value=\"1\" aria-invalid=\"false\" \/><span class=\"wpcf7-list-item-label\">I agree that my data is <a href=\"\/is\/privacy-policy\/\">collected and stored<\/a>.<\/span><\/label><\/span><\/span><\/span>\n\t<\/p>\n<\/div><div class=\"wpcf7-response-output\" aria-hidden=\"true\"><\/div>\n<input type=\"hidden\" name=\"trp-form-language\" value=\"is\"\/><\/form>\n<\/div>\n\t\t\t\t<\/div>\n\t\t\t\t<\/div>\n\t\t\t\t\t<\/div>\n\t\t<\/div>\n\t\t\t\t\t<\/div>\n\t\t<\/section>\n\t\t\t\t<div class=\"elementor-element elementor-element-0361f75 sc_fly_static elementor-widget elementor-widget-html\" data-id=\"0361f75\" data-element_type=\"widget\" data-e-type=\"widget\" data-widget_type=\"html.default\">\n\t\t\t\t<div class=\"elementor-widget-container\">\n\t\t\t\t\t<script type=\"text\/javascript\" src=\"https:\/\/widgets.bokun.io\/assets\/javascripts\/apps\/build\/BokunWidgetsLoader.js?bookingChannelUUID=6201c430-12ba-4627-8dac-94929b181326\" async><\/script>\r\n      <style> #bokun_05b93a2d_0e90_4964_947b_ca00b9c1906f { display: inline-block; padding: 10px 20px; background: #7243c6; border-radius: 5px; box-shadow: none; font-weight: 600; font-size: 16px; text-decoration: none; text-align: center; color: #FFFFFF; border:none; cursor: pointer; transition: background .2s ease; } #bokun_05b93a2d_0e90_4964_947b_ca00b9c1906f:hover{ background: #285726; } #bokun_05b93a2d_0e90_4964_947b_ca00b9c1906f:active{ background: #30682e; } <\/style> <button class=\"bokunButton\" disabled id=\"bokun_05b93a2d_0e90_4964_947b_ca00b9c1906f\" data-src=\"https:\/\/widgets.bokun.io\/online-sales\/6201c430-12ba-4627-8dac-94929b181326\/product-list\/105521?partialView=1\" data-testid=\"widget-book-button\" > B\u00f3ka n\u00fana <\/button> \t\t\t\t<\/div>\n\t\t\t\t<\/div>\n\t\t\t\t<div class=\"elementor-element elementor-element-9db7500 sc_height_huge sc_fly_static elementor-widget elementor-widget-spacer\" data-id=\"9db7500\" data-element_type=\"widget\" data-e-type=\"widget\" data-widget_type=\"spacer.default\">\n\t\t\t\t<div class=\"elementor-widget-container\">\n\t\t\t\t\t\t\t<div class=\"elementor-spacer\">\n\t\t\t<div class=\"elementor-spacer-inner\"><\/div>\n\t\t<\/div>\n\t\t\t\t\t\t<\/div>\n\t\t\t\t<\/div>\n\t\t\t\t\t<\/div>\n\t\t<\/div>\n\t\t\t\t\t<\/div>\n\t\t<\/section>\n\t\t<div class=\"elementor-element elementor-element-fd89151 e-flex e-con-boxed sc_layouts_column_icons_position_left e-con e-parent\" data-id=\"fd89151\" data-element_type=\"container\" data-e-type=\"container\">\n\t\t\t\t\t<div class=\"e-con-inner\">\n\t\t\t\t<div class=\"elementor-element elementor-element-9bbfd98 sc_fly_static elementor-widget elementor-widget-shortcode\" data-id=\"9bbfd98\" data-element_type=\"widget\" data-e-type=\"widget\" data-widget_type=\"shortcode.default\">\n\t\t\t\t<div class=\"elementor-widget-container\">\n\t\t\t\t\t\t\t<div class=\"elementor-shortcode\"><div\n\t\t\t\tid=\"hustle-embedded-id-4\"\n\t\t\t\tclass=\"hustle-ui hustle-inline hustle-palette--gray_slate hustle_module_id_4 module_id_4\"\n\t\t\t\t\n\t\t\tdata-id=\"4\"\n\t\t\tdata-render-id=\"0\"\n\t\t\tdata-tracking=\"enabled\"\n\t\t\t\n\t\t\t\tdata-intro=\"no_animation\"\n\t\t\t\tdata-sub-type=\"shortcode\"\n\t\t\t\t\n\t\t\t\tstyle=\"opacity: 0;\"\n\t\t\t\taria-label=\"Subscribe to our newsletter popup\"\n\t\t\t><div class=\"hustle-inline-content\"><div class=\"hustle-optin hustle-optin--compact\"><div class=\"hustle-optin-content\"><div class=\"hustle-success\" data-close-delay=\"5000\" style=\"display: none;\"><span class=\"hustle-icon-check\" aria-hidden=\"true\"><\/span><div class=\"hustle-success-content\"><\/div><\/div><div class=\"hustle-layout\"><div class=\"hustle-main-wrapper\"><div class=\"hustle-layout-body\"><div class=\"hustle-image hustle-image-fit--cover\" aria-hidden=\"true\"><img decoding=\"async\" src=\"https:\/\/retreatsiceland.com\/wp-content\/uploads\/2023\/04\/FrontPhoto-3-scaled.jpg\" alt=\"\" class=\"hustle-image-position--centercenter\" \/><\/div><div class=\"hustle-layout-content\"><div class=\"hustle-content\"><div class=\"hustle-content-wrap\"><div class=\"hustle-group-title\"><h3 class=\"hustle-title\">Subscribe to our newsletter<\/h3><h4 class=\"hustle-subtitle\">To get exclusive offers and VIP information<\/h4><\/div><div class=\"hustle-group-content\"><p>Don\u2019t miss out on special offers, discounts, news and more!<\/p>\n<\/div><\/div><\/div><form class=\"hustle-layout-form\" novalidate=\"novalidate\" action=\"\"><div class=\"hustle-form\"><div class=\"hustle-form-fields hustle-proximity-separated\"><div class=\"hustle-field hustle-field-required\"><label for=\"hustle-field-email-module-4\" id=\"hustle-field-email-module-4-label\" class=\"hustle-screen-reader\">Email<\/label><input id=\"hustle-field-email-module-4\" type=\"email\" class=\"hustle-input\" name=\"email\" value=\"\" aria-labelledby=\"hustle-field-email-module-4-label\" data-validate=\"1\" data-required-error=\"Email field is required.\" data-validation-error=\"Please enter a valid email.\" \/><span class=\"hustle-input-label\" aria-hidden=\"true\" style=\"flex-flow: row nowrap;\"><span>Enter your email address<\/span><\/span><\/div><button class=\"hustle-button hustle-button-submit\" aria-live=\"polite\" data-loading-text=\"Form is being submitted, please wait a bit.\"><span class=\"hustle-button-text\">Subscribe<\/span><span class=\"hustle-icon-loader hustle-loading-icon\" aria-hidden=\"true\"><\/span><\/button><\/div><\/div><input type=\"hidden\" name=\"hustle_module_id\" value=\"4\"><input type=\"hidden\" name=\"post_id\" value=\"0\"><input type=\"hidden\" name=\"hustle_sub_type\" value=\"shortcode\"><div class=\"hustle-error-message\" style=\"display: none;\" data-default-error=\"Something went wrong, please try again.\"><\/div><input type=\"hidden\" name=\"trp-form-language\" value=\"is\"\/><\/form><\/div><\/div><\/div><\/div><\/div><\/div><\/div><\/div><\/div>\n\t\t\t\t\t\t<\/div>\n\t\t\t\t<\/div>\n\t\t\t\t\t<\/div>\n\t\t\t\t<\/div>\n\t\t\t\t<\/div>","protected":false},"excerpt":{"rendered":"<p>Contact Us Have Questions? Get in touch! Are you ready to register for the retreat that you will never forget? Inquire about availbility or ask us anything! Armonia Iceland &#8211;&hellip;<\/p>","protected":false},"author":1,"featured_media":0,"parent":0,"menu_order":0,"comment_status":"closed","ping_status":"closed","template":"","meta":{"footnotes":""},"class_list":["post-17260","page","type-page","status-publish","hentry"],"_links":{"self":[{"href":"https:\/\/retreatsiceland.com\/is\/wp-json\/wp\/v2\/pages\/17260","targetHints":{"allow":["GET"]}}],"collection":[{"href":"https:\/\/retreatsiceland.com\/is\/wp-json\/wp\/v2\/pages"}],"about":[{"href":"https:\/\/retreatsiceland.com\/is\/wp-json\/wp\/v2\/types\/page"}],"author":[{"embeddable":true,"href":"https:\/\/retreatsiceland.com\/is\/wp-json\/wp\/v2\/users\/1"}],"replies":[{"embeddable":true,"href":"https:\/\/retreatsiceland.com\/is\/wp-json\/wp\/v2\/comments?post=17260"}],"version-history":[{"count":3,"href":"https:\/\/retreatsiceland.com\/is\/wp-json\/wp\/v2\/pages\/17260\/revisions"}],"predecessor-version":[{"id":21418,"href":"https:\/\/retreatsiceland.com\/is\/wp-json\/wp\/v2\/pages\/17260\/revisions\/21418"}],"wp:attachment":[{"href":"https:\/\/retreatsiceland.com\/is\/wp-json\/wp\/v2\/media?parent=17260"}],"curies":[{"name":"wp","href":"https:\/\/api.w.org\/{rel}","templated":true}]}}